{"id":28,"date":"2023-07-06T11:01:53","date_gmt":"2023-07-06T09:01:53","guid":{"rendered":"https:\/\/tricolorstar.tcx.cz\/?page_id=28"},"modified":"2023-12-28T11:11:30","modified_gmt":"2023-12-28T10:11:30","slug":"chovatelska-stanice","status":"publish","type":"page","link":"https:\/\/tricolorstar.cz\/?page_id=28","title":{"rendered":"Chov.stanice"},"content":{"rendered":"\n<p>Chovatelsk\u00e1 stanice Tricolor Star &#8211; Entlebu\u0161sk\u00fd Sala\u0161nick\u00fd Pes<\/p>\n\n\n\n<p>Reg.\u010d\u00edslo: 219\/22<\/p>\n\n\n\n<p>Chov je dle p\u0159edpis\u016f \u010cMKU, FCI a K\u0160SP.<\/p>\n\n\n\n<figure class=\"wp-block-image size-large\"><img loading=\"lazy\" decoding=\"async\" width=\"1024\" height=\"660\" src=\"https:\/\/tricolorstar.tcx.cz\/wp-content\/uploads\/2023\/07\/chovatelska-stanice-1024x660.jpg\" alt=\"\" class=\"wp-image-41\" srcset=\"https:\/\/tricolorstar.cz\/wp-content\/uploads\/2023\/07\/chovatelska-stanice-1024x660.jpg 1024w, https:\/\/tricolorstar.cz\/wp-content\/uploads\/2023\/07\/chovatelska-stanice-300x193.jpg 300w, https:\/\/tricolorstar.cz\/wp-content\/uploads\/2023\/07\/chovatelska-stanice-768x495.jpg 768w, https:\/\/tricolorstar.cz\/wp-content\/uploads\/2023\/07\/chovatelska-stanice-1536x990.jpg 1536w, https:\/\/tricolorstar.cz\/wp-content\/uploads\/2023\/07\/chovatelska-stanice-2048x1321.jpg 2048w\" sizes=\"auto, (max-width: 1024px) 100vw, 1024px\" \/><\/figure>\n","protected":false},"excerpt":{"rendered":"<p>Chovatelsk\u00e1 stanice Tricolor Star &#8211; Entlebu\u0161sk\u00fd Sala\u0161nick\u00fd Pes Reg.\u010d\u00edslo: 219\/22 Chov je dle p\u0159edpis\u016f \u010cMKU, FCI a K\u0160SP.<\/p>\n","protected":false},"author":1,"featured_media":0,"parent":0,"menu_order":0,"comment_status":"closed","ping_status":"closed","template":"","meta":{"footnotes":""},"class_list":["post-28","page","type-page","status-publish","hentry"],"_links":{"self":[{"href":"https:\/\/tricolorstar.cz\/index.php?rest_route=\/wp\/v2\/pages\/28","targetHints":{"allow":["GET"]}}],"collection":[{"href":"https:\/\/tricolorstar.cz\/index.php?rest_route=\/wp\/v2\/pages"}],"about":[{"href":"https:\/\/tricolorstar.cz\/index.php?rest_route=\/wp\/v2\/types\/page"}],"author":[{"embeddable":true,"href":"https:\/\/tricolorstar.cz\/index.php?rest_route=\/wp\/v2\/users\/1"}],"replies":[{"embeddable":true,"href":"https:\/\/tricolorstar.cz\/index.php?rest_route=%2Fwp%2Fv2%2Fcomments&post=28"}],"version-history":[{"count":4,"href":"https:\/\/tricolorstar.cz\/index.php?rest_route=\/wp\/v2\/pages\/28\/revisions"}],"predecessor-version":[{"id":650,"href":"https:\/\/tricolorstar.cz\/index.php?rest_route=\/wp\/v2\/pages\/28\/revisions\/650"}],"wp:attachment":[{"href":"https:\/\/tricolorstar.cz\/index.php?rest_route=%2Fwp%2Fv2%2Fmedia&parent=28"}],"curies":[{"name":"wp","href":"https:\/\/api.w.org\/{rel}","templated":true}]}}