{"id":27,"date":"2023-07-06T11:01:53","date_gmt":"2023-07-06T09:01:53","guid":{"rendered":"https:\/\/tricolorstar.tcx.cz\/?page_id=27"},"modified":"2023-07-10T20:54:15","modified_gmt":"2023-07-10T18:54:15","slug":"ppbonitacevysetreni","status":"publish","type":"page","link":"https:\/\/tricolorstar.cz\/?page_id=27","title":{"rendered":"PP,Bonitace,Vy\u0161et\u0159en\u00ed"},"content":{"rendered":"\n<ul class=\"wp-block-list\">\n<li><a href=\"#rodokmen\" data-type=\"internal\">Rodokmen a m\u00e1 rodina (maminka Fan\u010da, tat\u00ednek Max)<\/a><\/li>\n\n\n\n<li><a href=\"#bonitace\">Bonitace &#8211; bonita\u010dn\u00ed karta (335 AS 45 CO PRA-A EU-A)<\/a><\/li>\n\n\n\n<li><a href=\"#vysetreni\">L\u00e9ka\u0159sk\u00e9 vy\u0161et\u0159en\u00ed (DOV-neg, DLK-0\/0, DKK-C, PRA-N\/N-A, EU-A<\/a>)<\/li>\n<\/ul>\n\n\n\n<hr class=\"wp-block-separator has-alpha-channel-opacity\"\/>\n\n\n\n<h2 class=\"wp-block-heading\" id=\"rodokmen\">Rodokmen a m\u00e1 rodina<\/h2>\n\n\n\n<p>Otec: Diogenes Max ze Star\u00e9 mincovny<\/p>\n\n\n\n<ul class=\"wp-block-list\">\n<li>D\u011bda: Gustav vom Gehrshof<\/li>\n\n\n\n<li>Babi\u010dka: Abi Wolin Dogs<\/li>\n<\/ul>\n\n\n\n<p>Matka: Funny Girl Zahrada Sn\u016f<\/p>\n\n\n\n<ul class=\"wp-block-list\">\n<li>D\u011bda: Auksis Interpola<\/li>\n\n\n\n<li>Babi\u010dka: Doggie Zahrada Sn\u016f<\/li>\n<\/ul>\n\n\n\n<p class=\"has-text-align-center\">&#8212;&#8212;&#8212;&#8212;&#8212;&#8212;&#8212;&#8212;&#8212;&#8212;&#8212;&#8212;&#8212;&#8212;&#8212;&#8212;&#8212;&#8212;&#8212;&#8212;&#8212;&#8212;&#8212;&#8212;&#8212;&#8212;&#8212;&#8212;&#8212;&#8212;&#8212;&#8212;&#8212;&#8212;&#8212;&#8212;&#8212;&#8212;&#8211;<\/p>\n\n\n\n<h3 class=\"wp-block-heading\">Maminka &#8211; Fan\u010da<\/h3>\n\n\n\n<figure class=\"wp-block-gallery has-nested-images columns-default is-cropped wp-block-gallery-1 is-layout-flex wp-block-gallery-is-layout-flex\">\n<figure class=\"wp-block-image size-large\"><img loading=\"lazy\" decoding=\"async\" width=\"900\" height=\"602\" data-id=\"45\" src=\"https:\/\/tricolorstar.tcx.cz\/wp-content\/uploads\/2023\/07\/fanca_crop.jpg\" alt=\"\" class=\"wp-image-45\" srcset=\"https:\/\/tricolorstar.cz\/wp-content\/uploads\/2023\/07\/fanca_crop.jpg 900w, https:\/\/tricolorstar.cz\/wp-content\/uploads\/2023\/07\/fanca_crop-300x201.jpg 300w, https:\/\/tricolorstar.cz\/wp-content\/uploads\/2023\/07\/fanca_crop-768x514.jpg 768w\" sizes=\"auto, (max-width: 900px) 100vw, 900px\" \/><\/figure>\n<\/figure>\n\n\n\n<h3 class=\"wp-block-heading\">Tat\u00ednek &#8211; Max<\/h3>\n\n\n\n<figure class=\"wp-block-image size-full\"><img loading=\"lazy\" decoding=\"async\" width=\"900\" height=\"602\" src=\"https:\/\/tricolorstar.tcx.cz\/wp-content\/uploads\/2023\/07\/Max-portret.jpg\" alt=\"\" class=\"wp-image-46\" srcset=\"https:\/\/tricolorstar.cz\/wp-content\/uploads\/2023\/07\/Max-portret.jpg 900w, https:\/\/tricolorstar.cz\/wp-content\/uploads\/2023\/07\/Max-portret-300x201.jpg 300w, https:\/\/tricolorstar.cz\/wp-content\/uploads\/2023\/07\/Max-portret-768x514.jpg 768w\" sizes=\"auto, (max-width: 900px) 100vw, 900px\" \/><\/figure>\n\n\n\n<h3 class=\"wp-block-heading\">Rodokmen<\/h3>\n\n\n\n<figure class=\"wp-block-image size-large\"><img loading=\"lazy\" decoding=\"async\" width=\"1024\" height=\"725\" src=\"https:\/\/tricolorstar.tcx.cz\/wp-content\/uploads\/2023\/07\/rodokmen-1024x725.jpg\" alt=\"\" class=\"wp-image-47\" srcset=\"https:\/\/tricolorstar.cz\/wp-content\/uploads\/2023\/07\/rodokmen-1024x725.jpg 1024w, https:\/\/tricolorstar.cz\/wp-content\/uploads\/2023\/07\/rodokmen-300x212.jpg 300w, https:\/\/tricolorstar.cz\/wp-content\/uploads\/2023\/07\/rodokmen-768x543.jpg 768w, https:\/\/tricolorstar.cz\/wp-content\/uploads\/2023\/07\/rodokmen.jpg 1132w\" sizes=\"auto, (max-width: 1024px) 100vw, 1024px\" \/><\/figure>\n\n\n\n<hr class=\"wp-block-separator has-alpha-channel-opacity\"\/>\n\n\n\n<h2 class=\"wp-block-heading\" id=\"bonitace\">Bonitace &#8211; bonita\u010dn\u00ed karta<\/h2>\n\n\n\n<figure class=\"wp-block-image size-full\"><img loading=\"lazy\" decoding=\"async\" width=\"963\" height=\"841\" src=\"https:\/\/tricolorstar.tcx.cz\/wp-content\/uploads\/2023\/07\/Bonitacni_karta_1.jpg\" alt=\"\" class=\"wp-image-48\" srcset=\"https:\/\/tricolorstar.cz\/wp-content\/uploads\/2023\/07\/Bonitacni_karta_1.jpg 963w, https:\/\/tricolorstar.cz\/wp-content\/uploads\/2023\/07\/Bonitacni_karta_1-300x262.jpg 300w, https:\/\/tricolorstar.cz\/wp-content\/uploads\/2023\/07\/Bonitacni_karta_1-768x671.jpg 768w\" sizes=\"auto, (max-width: 963px) 100vw, 963px\" \/><\/figure>\n\n\n\n<figure class=\"wp-block-image size-full\"><img loading=\"lazy\" decoding=\"async\" width=\"964\" height=\"838\" src=\"https:\/\/tricolorstar.tcx.cz\/wp-content\/uploads\/2023\/07\/Bonitacni_karta_2.jpg\" alt=\"\" class=\"wp-image-49\" srcset=\"https:\/\/tricolorstar.cz\/wp-content\/uploads\/2023\/07\/Bonitacni_karta_2.jpg 964w, https:\/\/tricolorstar.cz\/wp-content\/uploads\/2023\/07\/Bonitacni_karta_2-300x261.jpg 300w, https:\/\/tricolorstar.cz\/wp-content\/uploads\/2023\/07\/Bonitacni_karta_2-768x668.jpg 768w\" sizes=\"auto, (max-width: 964px) 100vw, 964px\" \/><\/figure>\n\n\n\n<figure class=\"wp-block-image size-full\"><img loading=\"lazy\" decoding=\"async\" width=\"964\" height=\"844\" src=\"https:\/\/tricolorstar.tcx.cz\/wp-content\/uploads\/2023\/07\/Bonitacni_karta_3.jpg\" alt=\"\" class=\"wp-image-50\" srcset=\"https:\/\/tricolorstar.cz\/wp-content\/uploads\/2023\/07\/Bonitacni_karta_3.jpg 964w, https:\/\/tricolorstar.cz\/wp-content\/uploads\/2023\/07\/Bonitacni_karta_3-300x263.jpg 300w, https:\/\/tricolorstar.cz\/wp-content\/uploads\/2023\/07\/Bonitacni_karta_3-768x672.jpg 768w\" sizes=\"auto, (max-width: 964px) 100vw, 964px\" \/><\/figure>\n\n\n\n<hr class=\"wp-block-separator has-alpha-channel-opacity\"\/>\n\n\n\n<h2 class=\"wp-block-heading\" id=\"vysetreni\">L\u00e9ka\u0159sk\u00e9 vy\u0161et\u0159en\u00ed<\/h2>\n\n\n\n<ul class=\"wp-block-list\">\n<li>DOV (negative)<\/li>\n\n\n\n<li>DLK (0\/0)<\/li>\n\n\n\n<li>DKK (C)<\/li>\n\n\n\n<li>PRA (genotyp N\/N (A) )<\/li>\n\n\n\n<li>Ectopic ureters (A)<\/li>\n<\/ul>\n\n\n\n<h3 class=\"wp-block-heading\">DOV<\/h3>\n\n\n\n<figure class=\"wp-block-image size-full\"><img loading=\"lazy\" decoding=\"async\" width=\"604\" height=\"841\" src=\"https:\/\/tricolorstar.tcx.cz\/wp-content\/uploads\/2023\/07\/DOV.jpg\" alt=\"\" class=\"wp-image-51\" srcset=\"https:\/\/tricolorstar.cz\/wp-content\/uploads\/2023\/07\/DOV.jpg 604w, https:\/\/tricolorstar.cz\/wp-content\/uploads\/2023\/07\/DOV-215x300.jpg 215w\" sizes=\"auto, (max-width: 604px) 100vw, 604px\" \/><\/figure>\n\n\n\n<h3 class=\"wp-block-heading\">DLK<\/h3>\n\n\n\n<figure class=\"wp-block-image size-full\"><img loading=\"lazy\" decoding=\"async\" width=\"607\" height=\"838\" src=\"https:\/\/tricolorstar.tcx.cz\/wp-content\/uploads\/2023\/07\/DLK.jpg\" alt=\"\" class=\"wp-image-52\" srcset=\"https:\/\/tricolorstar.cz\/wp-content\/uploads\/2023\/07\/DLK.jpg 607w, https:\/\/tricolorstar.cz\/wp-content\/uploads\/2023\/07\/DLK-217x300.jpg 217w\" sizes=\"auto, (max-width: 607px) 100vw, 607px\" \/><\/figure>\n\n\n\n<h3 class=\"wp-block-heading\">DKK<\/h3>\n\n\n\n<figure class=\"wp-block-image size-full\"><img loading=\"lazy\" decoding=\"async\" width=\"609\" height=\"843\" src=\"https:\/\/tricolorstar.tcx.cz\/wp-content\/uploads\/2023\/07\/DKK.jpg\" alt=\"\" class=\"wp-image-53\" srcset=\"https:\/\/tricolorstar.cz\/wp-content\/uploads\/2023\/07\/DKK.jpg 609w, https:\/\/tricolorstar.cz\/wp-content\/uploads\/2023\/07\/DKK-217x300.jpg 217w\" sizes=\"auto, (max-width: 609px) 100vw, 609px\" \/><\/figure>\n\n\n\n<h3 class=\"wp-block-heading\">PRA<\/h3>\n\n\n\n<figure class=\"wp-block-image size-full\"><img loading=\"lazy\" decoding=\"async\" width=\"597\" height=\"841\" src=\"https:\/\/tricolorstar.tcx.cz\/wp-content\/uploads\/2023\/07\/PRA.jpg\" alt=\"\" class=\"wp-image-55\" srcset=\"https:\/\/tricolorstar.cz\/wp-content\/uploads\/2023\/07\/PRA.jpg 597w, https:\/\/tricolorstar.cz\/wp-content\/uploads\/2023\/07\/PRA-213x300.jpg 213w\" sizes=\"auto, (max-width: 597px) 100vw, 597px\" \/><\/figure>\n\n\n\n<h3 class=\"wp-block-heading\">EU<\/h3>\n\n\n\n<figure class=\"wp-block-image size-full\"><img loading=\"lazy\" decoding=\"async\" width=\"597\" height=\"838\" src=\"https:\/\/tricolorstar.tcx.cz\/wp-content\/uploads\/2023\/07\/Ectopic-ureters.jpg\" alt=\"\" class=\"wp-image-56\" srcset=\"https:\/\/tricolorstar.cz\/wp-content\/uploads\/2023\/07\/Ectopic-ureters.jpg 597w, https:\/\/tricolorstar.cz\/wp-content\/uploads\/2023\/07\/Ectopic-ureters-214x300.jpg 214w\" sizes=\"auto, (max-width: 597px) 100vw, 597px\" \/><\/figure>\n","protected":false},"excerpt":{"rendered":"<p>Rodokmen a m\u00e1 rodina Otec: Diogenes Max ze Star\u00e9 mincovny Matka: Funny Girl Zahrada Sn\u016f &#8212;&#8212;&#8212;&#8212;&#8212;&#8212;&#8212;&#8212;&#8212;&#8212;&#8212;&#8212;&#8212;&#8212;&#8212;&#8212;&#8212;&#8212;&#8212;&#8212;&#8212;&#8212;&#8212;&#8212;&#8212;&#8212;&#8212;&#8212;&#8212;&#8212;&#8212;&#8212;&#8212;&#8212;&#8212;&#8212;&#8212;&#8212;&#8211; Maminka &#8211; Fan\u010da [&hellip;]<\/p>\n","protected":false},"author":1,"featured_media":0,"parent":0,"menu_order":0,"comment_status":"closed","ping_status":"closed","template":"","meta":{"footnotes":""},"class_list":["post-27","page","type-page","status-publish","hentry"],"_links":{"self":[{"href":"https:\/\/tricolorstar.cz\/index.php?rest_route=\/wp\/v2\/pages\/27","targetHints":{"allow":["GET"]}}],"collection":[{"href":"https:\/\/tricolorstar.cz\/index.php?rest_route=\/wp\/v2\/pages"}],"about":[{"href":"https:\/\/tricolorstar.cz\/index.php?rest_route=\/wp\/v2\/types\/page"}],"author":[{"embeddable":true,"href":"https:\/\/tricolorstar.cz\/index.php?rest_route=\/wp\/v2\/users\/1"}],"replies":[{"embeddable":true,"href":"https:\/\/tricolorstar.cz\/index.php?rest_route=%2Fwp%2Fv2%2Fcomments&post=27"}],"version-history":[{"count":11,"href":"https:\/\/tricolorstar.cz\/index.php?rest_route=\/wp\/v2\/pages\/27\/revisions"}],"predecessor-version":[{"id":253,"href":"https:\/\/tricolorstar.cz\/index.php?rest_route=\/wp\/v2\/pages\/27\/revisions\/253"}],"wp:attachment":[{"href":"https:\/\/tricolorstar.cz\/index.php?rest_route=%2Fwp%2Fv2%2Fmedia&parent=27"}],"curies":[{"name":"wp","href":"https:\/\/api.w.org\/{rel}","templated":true}]}}