{"id":26,"date":"2023-07-06T11:01:53","date_gmt":"2023-07-06T09:01:53","guid":{"rendered":"https:\/\/tricolorstar.tcx.cz\/?page_id=26"},"modified":"2023-09-10T21:20:05","modified_gmt":"2023-09-10T19:20:05","slug":"vysledky","status":"publish","type":"page","link":"https:\/\/tricolorstar.cz\/?page_id=26","title":{"rendered":"V\u00fdsledky\/sout\u011b\u017ee"},"content":{"rendered":"\n<p>N\u00ed\u017ee je p\u0159ehled v\u0161ech m\u00fdch v\u00fdsledk\u016f, kter\u00fdch jsem dos\u00e1hla<\/p>\n\n\n\n<figure class=\"wp-block-image size-large\"><img loading=\"lazy\" decoding=\"async\" width=\"1024\" height=\"531\" src=\"https:\/\/tricolorstar.cz\/wp-content\/uploads\/2023\/09\/vysledky_ABBY-1024x531.png\" alt=\"\" class=\"wp-image-341\" srcset=\"https:\/\/tricolorstar.cz\/wp-content\/uploads\/2023\/09\/vysledky_ABBY-1024x531.png 1024w, https:\/\/tricolorstar.cz\/wp-content\/uploads\/2023\/09\/vysledky_ABBY-300x156.png 300w, https:\/\/tricolorstar.cz\/wp-content\/uploads\/2023\/09\/vysledky_ABBY-768x398.png 768w, https:\/\/tricolorstar.cz\/wp-content\/uploads\/2023\/09\/vysledky_ABBY.png 1226w\" sizes=\"auto, (max-width: 1024px) 100vw, 1024px\" \/><\/figure>\n\n\n\n<h2 class=\"wp-block-heading\">\u010cesk\u00fd Grand \u0160ampion<\/h2>\n\n\n\n<figure class=\"wp-block-image size-large is-resized\"><img loading=\"lazy\" decoding=\"async\" src=\"https:\/\/tricolorstar.tcx.cz\/wp-content\/uploads\/2023\/07\/Grand-sampion-768x1024.jpg\" alt=\"\" class=\"wp-image-65\" style=\"width:630px;height:840px\" width=\"630\" height=\"840\" srcset=\"https:\/\/tricolorstar.cz\/wp-content\/uploads\/2023\/07\/Grand-sampion-768x1024.jpg 768w, https:\/\/tricolorstar.cz\/wp-content\/uploads\/2023\/07\/Grand-sampion-225x300.jpg 225w, https:\/\/tricolorstar.cz\/wp-content\/uploads\/2023\/07\/Grand-sampion-1152x1536.jpg 1152w, https:\/\/tricolorstar.cz\/wp-content\/uploads\/2023\/07\/Grand-sampion.jpg 1500w\" sizes=\"auto, (max-width: 630px) 100vw, 630px\" \/><\/figure>\n\n\n\n<h2 class=\"wp-block-heading\">\u010cesk\u00fd \u0160ampion<\/h2>\n\n\n\n<figure class=\"wp-block-image size-full\"><img loading=\"lazy\" decoding=\"async\" width=\"574\" height=\"808\" src=\"https:\/\/tricolorstar.tcx.cz\/wp-content\/uploads\/2023\/07\/Cesky-sampion.jpg\" alt=\"\" class=\"wp-image-64\" srcset=\"https:\/\/tricolorstar.cz\/wp-content\/uploads\/2023\/07\/Cesky-sampion.jpg 574w, https:\/\/tricolorstar.cz\/wp-content\/uploads\/2023\/07\/Cesky-sampion-213x300.jpg 213w\" sizes=\"auto, (max-width: 574px) 100vw, 574px\" \/><\/figure>\n\n\n\n<h2 class=\"wp-block-heading\">\u010cesk\u00fd Junior \u0160ampion<\/h2>\n\n\n\n<figure class=\"wp-block-image size-full\"><img loading=\"lazy\" decoding=\"async\" width=\"577\" height=\"804\" src=\"https:\/\/tricolorstar.tcx.cz\/wp-content\/uploads\/2023\/07\/Cesky-junior-sampion.jpg\" alt=\"\" class=\"wp-image-63\" srcset=\"https:\/\/tricolorstar.cz\/wp-content\/uploads\/2023\/07\/Cesky-junior-sampion.jpg 577w, https:\/\/tricolorstar.cz\/wp-content\/uploads\/2023\/07\/Cesky-junior-sampion-215x300.jpg 215w\" sizes=\"auto, (max-width: 577px) 100vw, 577px\" \/><\/figure>\n","protected":false},"excerpt":{"rendered":"<p>N\u00ed\u017ee je p\u0159ehled v\u0161ech m\u00fdch v\u00fdsledk\u016f, kter\u00fdch jsem dos\u00e1hla \u010cesk\u00fd Grand \u0160ampion \u010cesk\u00fd \u0160ampion \u010cesk\u00fd Junior \u0160ampion<\/p>\n","protected":false},"author":1,"featured_media":0,"parent":0,"menu_order":0,"comment_status":"closed","ping_status":"closed","template":"","meta":{"footnotes":""},"class_list":["post-26","page","type-page","status-publish","hentry"],"_links":{"self":[{"href":"https:\/\/tricolorstar.cz\/index.php?rest_route=\/wp\/v2\/pages\/26","targetHints":{"allow":["GET"]}}],"collection":[{"href":"https:\/\/tricolorstar.cz\/index.php?rest_route=\/wp\/v2\/pages"}],"about":[{"href":"https:\/\/tricolorstar.cz\/index.php?rest_route=\/wp\/v2\/types\/page"}],"author":[{"embeddable":true,"href":"https:\/\/tricolorstar.cz\/index.php?rest_route=\/wp\/v2\/users\/1"}],"replies":[{"embeddable":true,"href":"https:\/\/tricolorstar.cz\/index.php?rest_route=%2Fwp%2Fv2%2Fcomments&post=26"}],"version-history":[{"count":6,"href":"https:\/\/tricolorstar.cz\/index.php?rest_route=\/wp\/v2\/pages\/26\/revisions"}],"predecessor-version":[{"id":342,"href":"https:\/\/tricolorstar.cz\/index.php?rest_route=\/wp\/v2\/pages\/26\/revisions\/342"}],"wp:attachment":[{"href":"https:\/\/tricolorstar.cz\/index.php?rest_route=%2Fwp%2Fv2%2Fmedia&parent=26"}],"curies":[{"name":"wp","href":"https:\/\/api.w.org\/{rel}","templated":true}]}}