{"id":2,"date":"2023-07-05T19:32:51","date_gmt":"2023-07-05T17:32:51","guid":{"rendered":"https:\/\/tricolorstar.tcx.cz\/?page_id=2"},"modified":"2023-11-04T17:05:21","modified_gmt":"2023-11-04T16:05:21","slug":"zkusebni-stranka","status":"publish","type":"page","link":"https:\/\/tricolorstar.cz\/","title":{"rendered":"\u00davod"},"content":{"rendered":"\n<p><strong><code>Dne 29.srpna 2023 se Abby Star narodilo 7 \u0161t\u011b\u0148at<\/code><\/strong> &#8211; viz <a href=\"https:\/\/tricolorstar.cz\/?page_id=71\" data-type=\"link\" data-id=\"https:\/\/tricolorstar.cz\/?page_id=71\">Vrh A<\/a>. V\u0161echna \u0161t\u011b\u0148\u00e1tka jsou zadan\u00e1 a t\u011b\u0161\u00ed se do sv\u00fdch nov\u00fdch rodin.<\/p>\n\n\n\n<hr class=\"wp-block-separator has-alpha-channel-opacity\"\/>\n\n\n\n<p>Jmenuji se Abby Star, poch\u00e1z\u00edm z chovatelsk\u00e9 stanice &#8222;Z M\u00e1jov\u00e9ho domu&#8220; (v\u00edce viz&nbsp;<a rel=\"noreferrer noopener\" href=\"http:\/\/www.z-majoveho-domu.cz\/\" target=\"_blank\">www.z-majoveho-domu.cz<\/a>&nbsp;a toto jsou m\u00e9 webov\u00e9 str\u00e1nky. Jsem zakladatelka chovatelsk\u00e9 stanice &#8222;Tricolorstar&#8220;.<\/p>\n\n\n\n<p>Zde je tak\u00e9 odkaz na str\u00e1nky, kde se v\u0161ichni sala\u0161n\u00edci sch\u00e1z\u00edme&nbsp;<a href=\"http:\/\/www.kssp.cz\/\" target=\"_blank\" rel=\"noreferrer noopener\">www.kssp.cz<\/a>.&nbsp;<\/p>\n\n\n\n<p>Co jsou to sala\u0161n\u00edci?&nbsp;Entlebu\u0161sk\u00fd sala\u0161nick\u00fd pes (Entlebucher Sennenhund) dle Standard FCI \u010d. 47 ze dne 28. 6. 2002, poch\u00e1z\u00ed ze \u0160v\u00fdcarska. P\u016fvodem jsem hon\u00e1ck\u00fd, str\u00e1\u017en\u00ed a hl\u00eddac\u00ed pes ke hl\u00edd\u00e1n\u00ed statk\u016f. Dnes tak\u00e9 v\u0161estrann\u00fd pracovn\u00ed pes a p\u0159\u00edjemn\u00fd rodinn\u00fd pes. V r\u00e1mci FCI skupiny pat\u0159\u00edm do skupiny 2 &#8211; Pin\u010dov\u00e9 a kn\u00edra\u010di, molosov\u00e9, \u0161v\u00fdcar\u0161t\u00ed sala\u0161ni\u010dt\u00ed psi a jin\u00e1 plemena. Sekce 3 &#8211; \u0160v\u00fdcar\u0161t\u00ed sala\u0161ni\u010dt\u00ed psi. Nepot\u0159ebuji zkou\u0161ku z v\u00fdkonu.<\/p>\n","protected":false},"excerpt":{"rendered":"<p>Dne 29.srpna 2023 se Abby Star narodilo 7 \u0161t\u011b\u0148at &#8211; viz Vrh A. V\u0161echna \u0161t\u011b\u0148\u00e1tka jsou zadan\u00e1 a t\u011b\u0161\u00ed [&hellip;]<\/p>\n","protected":false},"author":1,"featured_media":0,"parent":0,"menu_order":0,"comment_status":"closed","ping_status":"open","template":"","meta":{"footnotes":""},"class_list":["post-2","page","type-page","status-publish","hentry"],"_links":{"self":[{"href":"https:\/\/tricolorstar.cz\/index.php?rest_route=\/wp\/v2\/pages\/2","targetHints":{"allow":["GET"]}}],"collection":[{"href":"https:\/\/tricolorstar.cz\/index.php?rest_route=\/wp\/v2\/pages"}],"about":[{"href":"https:\/\/tricolorstar.cz\/index.php?rest_route=\/wp\/v2\/types\/page"}],"author":[{"embeddable":true,"href":"https:\/\/tricolorstar.cz\/index.php?rest_route=\/wp\/v2\/users\/1"}],"replies":[{"embeddable":true,"href":"https:\/\/tricolorstar.cz\/index.php?rest_route=%2Fwp%2Fv2%2Fcomments&post=2"}],"version-history":[{"count":9,"href":"https:\/\/tricolorstar.cz\/index.php?rest_route=\/wp\/v2\/pages\/2\/revisions"}],"predecessor-version":[{"id":647,"href":"https:\/\/tricolorstar.cz\/index.php?rest_route=\/wp\/v2\/pages\/2\/revisions\/647"}],"wp:attachment":[{"href":"https:\/\/tricolorstar.cz\/index.php?rest_route=%2Fwp%2Fv2%2Fmedia&parent=2"}],"curies":[{"name":"wp","href":"https:\/\/api.w.org\/{rel}","templated":true}]}}